{"id":3,"date":"2025-05-24T09:02:02","date_gmt":"2025-05-24T07:02:02","guid":{"rendered":"https:\/\/www.villamareesole.com\/?page_id=3"},"modified":"2025-07-14T09:28:54","modified_gmt":"2025-07-14T07:28:54","slug":"privacy-policy","status":"publish","type":"page","link":"https:\/\/www.villamareesole.com\/de\/privacy-policy\/","title":{"rendered":"Datenschutz"},"content":{"rendered":"<p>In dieser Datenschutzrichtlinie informieren wir Sie \u00fcber die Verarbeitung Ihrer personenbezogenen Daten.<\/p>\n\n\n\n<p>Wenn Sie Ihre Datenschutzeinstellungen \u00e4ndern m\u00f6chten (Zustimmung erteilen oder bereits erteilte Zustimmung widerrufen), klicken Sie hier, um Ihre Einstellungen zu \u00e4ndern.<\/p>\n\n\n\n<hr class=\"wp-block-separator has-alpha-channel-opacity\"\/>\n\n\n\n<p><strong>Webseiten-Besitzer<\/strong><br>Michaela Poppenreither, Saraja 13a, 52204 Li\u017enjan, Kroatien<br><a>villamareesole@gmail.com<\/a>, +385 916019990<\/p>\n\n\n\n<hr class=\"wp-block-separator has-alpha-channel-opacity\"\/>\n\n\n\n<p><strong>Hosting Provider<\/strong><br>World4You Internet Services GmbH<br>Wir hosten unsere Website bei unserem Prozessor World4You, World4You Internet Services GmbH, Hafenstra\u00dfe 35, 4020 Linz, \u00d6sterreich.<\/p>\n\n\n\n<p>Zum Zweck der Bereitstellung und Lieferung der Website werden Verbindungsdaten verarbeitet. Zum alleinigen Zweck der Bereitstellung der Website werden die Daten nicht \u00fcber den Zeitpunkt des Zugriffs hinaus gespeichert.<\/p>\n\n\n\n<p>Rechtsgrundlage f\u00fcr die Datenverarbeitung ist das berechtigte Interesse (unbedingte technische Notwendigkeit zur Erbringung und Bereitstellung des von Ihnen ausdr\u00fccklich gew\u00fcnschten Dienstes \u201eWebsite\u201c) gem\u00e4\u00df Art. 6 Abs.. 1 lit. f GDPR.<\/p>\n\n\n\n<p>F\u00fcr den Betrieb der Website werden im Rahmen verschiedener anderer Funktionen und Dienste auch Verbindungsdaten und andere personenbezogene Daten verarbeitet. Detaillierte Informationen dazu finden Sie in dieser Datenschutzerkl\u00e4rung unter den jeweiligen Funktionen und Diensten.<\/p>\n\n\n\n<hr class=\"wp-block-separator has-alpha-channel-opacity\"\/>\n\n\n\n<p><strong>Server-Protokolldateien<\/strong><br>Zum Zweck der \u00dcberwachung der technischen Funktionalit\u00e4t und zur Erh\u00f6hung der Betriebssicherheit unseres Webhosters werden Verbindungsdaten verarbeitet. Die Dauer der Verarbeitung ist auf 30 Tage begrenzt.<\/p>\n\n\n\n<p>Rechtsgrundlage f\u00fcr die Datenverarbeitung ist das berechtigte Interesse (unbedingte technische Notwendigkeit von Server-Logfiles als grundlegende Datenquelle f\u00fcr Fehleranalyse und Sicherheitsma\u00dfnahmen im Rahmen des von Ihnen ausdr\u00fccklich gew\u00fcnschten Dienstes \u201eWebsite\u201c) gem\u00e4\u00df Art. 6 Abs.. 1 lit. f GDPR.<\/p>\n\n\n\n<hr class=\"wp-block-separator has-alpha-channel-opacity\"\/>\n\n\n\n<p><strong>Recht auf Widerspruch<\/strong><br>Wenn die Verarbeitung Ihrer personenbezogenen Daten auf einem berechtigten Interesse beruht, haben Sie das Recht, dieser Verarbeitung zu widersprechen.<\/p>\n\n\n\n<p>Sofern wir keine zwingenden berechtigten Gr\u00fcnde f\u00fcr die Verarbeitung nachweisen k\u00f6nnen, werden Ihre Daten nicht mehr auf dieser Rechtsgrundlage verarbeitet.<\/p>\n\n\n\n<p>Sie haben auch das Recht, der Verarbeitung Ihrer personenbezogenen Daten zu Zwecken des Direktmarketings zu widersprechen. Im Falle eines Widerspruchs werden Ihre personenbezogenen Daten nicht mehr f\u00fcr Direktmarketingzwecke verarbeitet.<\/p>\n\n\n\n<p>Die Rechtm\u00e4\u00dfigkeit der bis zum Widerspruch verarbeiteten Daten wird durch den Widerspruch nicht ber\u00fchrt.<\/p>\n\n\n\n<hr class=\"wp-block-separator has-alpha-channel-opacity\"\/>\n\n\n\n<p><strong>R\u00fccktrittsrecht<\/strong><br>Sie haben das Recht, Ihre Zustimmung jederzeit zu widerrufen, indem Sie Ihre Datenschutzeinstellungen \u00e4ndern.<\/p>\n\n\n\n<p>Wenn Sie dem Erhalt elektronischer Werbung zugestimmt haben, k\u00f6nnen Sie Ihre Zustimmung widerrufen, indem Sie auf den Link zum Abbestellen klicken. In diesem Fall wird die Verarbeitung eingestellt, es sei denn, es gibt eine andere Rechtsgrundlage.<\/p>\n\n\n\n<p>Die Rechtm\u00e4\u00dfigkeit der bis zum Widerruf verarbeiteten Daten wird durch den Widerruf nicht ber\u00fchrt.<\/p>\n\n\n\n<hr class=\"wp-block-separator has-alpha-channel-opacity\"\/>\n\n\n\n<p><strong>Rechte der Betroffenen<\/strong><br>Sie haben au\u00dferdem das Recht auf Auskunft, Berichtigung, L\u00f6schung und Einschr\u00e4nkung der Verarbeitung Ihrer personenbezogenen Daten.<\/p>\n\n\n\n<p>Wenn die Rechtsgrundlage f\u00fcr die Verarbeitung Ihrer personenbezogenen Daten Ihre Einwilligung oder ein mit Ihnen geschlossener Vertrag ist, haben Sie auch das Recht auf Daten\u00fcbertragbarkeit.<\/p>\n\n\n\n<p>Au\u00dferdem haben Sie das Recht, eine Beschwerde bei einer Aufsichtsbeh\u00f6rde einzureichen. Weitere Informationen \u00fcber Aufsichtsbeh\u00f6rden in der Europ\u00e4ischen Union finden Sie <a class=\"\" href=\"https:\/\/edpb.europa.eu\/about-edpb\/board\/members_en\">hier<\/a>.<\/p>","protected":false},"excerpt":{"rendered":"<p>In this privacy policy, we inform you about the processing of your personal data. If you wish to change your privacy settings (give consent or withdraw previously given consent), click here to change your settings. ControllerMichaela Poppenreither, Saraja 13a, 52204 Li\u017enjan, Croatiavillamareesole@gmail.com, +385 916019990 Hosting ProviderWorld4You Internet Services GmbHWe host our website with our processor [&hellip;]<\/p>","protected":false},"author":1,"featured_media":0,"parent":0,"menu_order":0,"comment_status":"closed","ping_status":"closed","template":"","meta":{"footnotes":""},"class_list":["post-3","page","type-page","status-publish","hentry"],"_links":{"self":[{"href":"https:\/\/www.villamareesole.com\/de\/wp-json\/wp\/v2\/pages\/3","targetHints":{"allow":["GET"]}}],"collection":[{"href":"https:\/\/www.villamareesole.com\/de\/wp-json\/wp\/v2\/pages"}],"about":[{"href":"https:\/\/www.villamareesole.com\/de\/wp-json\/wp\/v2\/types\/page"}],"author":[{"embeddable":true,"href":"https:\/\/www.villamareesole.com\/de\/wp-json\/wp\/v2\/users\/1"}],"replies":[{"embeddable":true,"href":"https:\/\/www.villamareesole.com\/de\/wp-json\/wp\/v2\/comments?post=3"}],"version-history":[{"count":5,"href":"https:\/\/www.villamareesole.com\/de\/wp-json\/wp\/v2\/pages\/3\/revisions"}],"predecessor-version":[{"id":87,"href":"https:\/\/www.villamareesole.com\/de\/wp-json\/wp\/v2\/pages\/3\/revisions\/87"}],"wp:attachment":[{"href":"https:\/\/www.villamareesole.com\/de\/wp-json\/wp\/v2\/media?parent=3"}],"curies":[{"name":"wp","href":"https:\/\/api.w.org\/{rel}","templated":true}]}}